{"id":239526,"date":"2024-09-24T12:29:30","date_gmt":"2024-09-24T10:29:30","guid":{"rendered":"https:\/\/www.blackforest-pen.de\/?page_id=239526"},"modified":"2025-04-09T21:42:14","modified_gmt":"2025-04-09T19:42:14","slug":"materialien","status":"publish","type":"page","link":"https:\/\/www.blackforest-pen.de\/en\/materialien\/","title":{"rendered":"Materials"},"content":{"rendered":"<p>[et_pb_section fb_built=&#8220;1&#8243; module_id=&#8220;Materialien&#8220; _builder_version=&#8220;4.16&#8243; global_colors_info=&#8220;{}&#8220;][et_pb_row _builder_version=&#8220;4.16&#8243; custom_padding=&#8220;50px||0px||false|false&#8220; locked=&#8220;off&#8220; global_colors_info=&#8220;{}&#8220;][et_pb_column type=&#8220;4_4&#8243; _builder_version=&#8220;4.16&#8243; custom_padding=&#8220;|||&#8220; global_colors_info=&#8220;{}&#8220; custom_padding__hover=&#8220;|||&#8220;][et_pb_text _builder_version=&#8220;4.27.0&#8243; text_font=&#8220;||||||||&#8220; header_font=&#8220;||||||||&#8220; header_font_size=&#8220;44px&#8220; header_2_font=&#8220;Roboto|700||on|||||&#8220; header_2_text_align=&#8220;center&#8220; header_2_font_size=&#8220;30px&#8220; header_2_letter_spacing=&#8220;4px&#8220; header_2_line_height=&#8220;1.2em&#8220; text_orientation=&#8220;center&#8220; module_alignment=&#8220;center&#8220; custom_margin=&#8220;||10px|&#8220; custom_padding=&#8220;|||&#8220; locked=&#8220;off&#8220; global_colors_info=&#8220;{}&#8220;]<\/p>\n<h1>Verwendete Metalle<\/h1>\n<p><strong>Allgemein:<\/strong>\u00a0Alle Metalle oxidieren an der Luft. Bei den von uns verwendeten Metallen bilden sich unterschiedliche Passivschichten, diese sch\u00fctzen die darunter liegenden Metallschichten vor weiteren Umwelteinfl\u00fcssen. H\u00e4ufiges Benutzen der Schreibger\u00e4te f\u00f6rdert die Bildung einer Passivschicht. Dabei spielt der individuelle Handschwei\u00df eine nicht zu untersch\u00e4tzende Rolle. Nachdem sich die Passivschicht gebildet hat, bleibt in der Regel dieser Zustand erhalten. Wird die Passivschicht verletzt, z.B. durch Kratzer, bildet sich an der entsprechenden Stelle wieder eine neue Schicht.<\/p>\n<p>Die meisten Kugelschreiberteile werden poliert. Aluminium wird auch h\u00e4ufig glasperlengestrahlt. Die Oberfl\u00e4che wird matt und erh\u00e4lt eine griffigere Struktur. Diese Oberfl\u00e4chenbehandlung wird h\u00e4ufig bei gravierten St\u00fccken eingesetzt, dadurch heben sich die Gravuren deutlicher heraus. Teilweise werden gestrahlte Grundwerkstoffe eingesetzt und zum Kontrast die \u00fcbrigen Bestandteile poliert.<\/p>\n<p>[\/et_pb_text][et_pb_divider divider_weight=&#8220;2px&#8220; disabled_on=&#8220;off|off|off&#8220; _builder_version=&#8220;4.16&#8243; max_width=&#8220;100px&#8220; module_alignment=&#8220;center&#8220; custom_margin=&#8220;25px||||false|false&#8220; locked=&#8220;off&#8220; global_colors_info=&#8220;{}&#8220;][\/et_pb_divider][\/et_pb_column][\/et_pb_row][et_pb_row column_structure=&#8220;1_3,2_3&#8243; make_equal=&#8220;on&#8220; disabled_on=&#8220;off|off|off&#8220; _builder_version=&#8220;4.16&#8243; locked=&#8220;off&#8220; collapsed=&#8220;off&#8220; global_colors_info=&#8220;{}&#8220;][et_pb_column type=&#8220;1_3&#8243; _builder_version=&#8220;4.16&#8243; custom_padding=&#8220;|||&#8220; global_colors_info=&#8220;{}&#8220; custom_padding__hover=&#8220;|||&#8220;][et_pb_text admin_label=&#8220;Title&#8220; _builder_version=&#8220;4.16&#8243; text_font=&#8220;||||||||&#8220; header_font=&#8220;||||||||&#8220; header_2_font=&#8220;||||||||&#8220; header_3_font=&#8220;|||on|||||&#8220; header_3_font_size=&#8220;26px&#8220; header_3_letter_spacing=&#8220;1px&#8220; header_4_font=&#8220;Roboto|700||on|||||&#8220; header_4_letter_spacing=&#8220;1px&#8220; header_4_line_height=&#8220;1.4em&#8220; custom_margin=&#8220;||10px|&#8220; custom_padding=&#8220;|||&#8220; header_3_font_size_tablet=&#8220;&#8220; header_3_font_size_phone=&#8220;22px&#8220; header_3_font_size_last_edited=&#8220;on|phone&#8220; global_colors_info=&#8220;{}&#8220;]<\/p>\n<h3>Rostfreier Stahl<\/h3>\n<p>bekommt eine unscheinbare, d\u00fcnne Oxidschicht (= Passivschicht) und beh\u00e4lt auch lange das typisch metallische Aussehen, es ist etwas dunkler als Aluminium. Im Gegensatz zur Bronze beh\u00e4lt dieser Werkstoff lange seinen Glanz.<\/p>\n<p><strong>Eigenschaften:<\/strong><\/p>\n<ul>\n<li>Schwach magnetisch<\/li>\n<li>Bedingt Meerwasser geeignet<\/li>\n<li>Die Werkstoffe sind Chrom-Nickel-St\u00e4hle mit ca. 18% Chrom und ca. 9% Nickel. Das entspricht dem Nickel-und Chromgehalt von Haushaltswaren wie z.B. Besteck und Edelstahlpfannen.<\/li>\n<li>Sehr best\u00e4ndig<\/li>\n<li>Metallisch graue F\u00e4rbung<\/li>\n<li>Hohe Festigkeit<\/li>\n<\/ul>\n<p>[\/et_pb_text][\/et_pb_column][et_pb_column type=&#8220;2_3&#8243; _builder_version=&#8220;4.16&#8243; custom_padding=&#8220;|||&#8220; global_colors_info=&#8220;{}&#8220; custom_padding__hover=&#8220;|||&#8220;][et_pb_image src=&#8220;https:\/\/www.blackforest-pen.de\/wp-content\/uploads\/2020\/06\/Black-Forest-Pen-3-1-1.jpg&#8220; title_text=&#8220;Black Forest Pen 3 (1)&#8220; _builder_version=&#8220;4.16&#8243; global_colors_info=&#8220;{}&#8220;][\/et_pb_image][\/et_pb_column][\/et_pb_row][et_pb_row column_structure=&#8220;1_3,2_3&#8243; make_equal=&#8220;on&#8220; disabled_on=&#8220;off|off|off&#8220; _builder_version=&#8220;4.16&#8243; locked=&#8220;off&#8220; collapsed=&#8220;off&#8220; global_colors_info=&#8220;{}&#8220;][et_pb_column type=&#8220;1_3&#8243; _builder_version=&#8220;4.16&#8243; custom_padding=&#8220;|||&#8220; global_colors_info=&#8220;{}&#8220; custom_padding__hover=&#8220;|||&#8220;][et_pb_text admin_label=&#8220;Title&#8220; _builder_version=&#8220;4.16&#8243; text_font=&#8220;||||||||&#8220; header_font=&#8220;||||||||&#8220; header_2_font=&#8220;||||||||&#8220; header_3_font=&#8220;|||on|||||&#8220; header_3_font_size=&#8220;26px&#8220; header_3_letter_spacing=&#8220;1px&#8220; header_4_font=&#8220;|700||on|||||&#8220; header_4_letter_spacing=&#8220;1px&#8220; header_4_line_height=&#8220;1.4em&#8220; custom_margin=&#8220;||10px|&#8220; custom_padding=&#8220;|||&#8220; header_3_font_size_tablet=&#8220;&#8220; header_3_font_size_phone=&#8220;22px&#8220; header_3_font_size_last_edited=&#8220;on|phone&#8220; global_colors_info=&#8220;{}&#8220;]<\/p>\n<h3>Neusilber<\/h3>\n<p>kann bei h\u00e4ufiger Benutzung auch eine zarte Patina bekommen. Durch die hohe Korrosionsbest\u00e4ndigkeit dauert dies allerdings l\u00e4ngere Zeit. Neusilber siedelt sich im Aussehen zwischen den anderen Materialien an. Es erscheint bei h\u00e4ufigem Gebrauch nicht ganz so stark metallisch wie Edelstahl und Aluminium, bekommt andererseits auch nicht den weichen Ton der Bronze.<\/p>\n<p><strong>Eigenschaften:<\/strong><\/p>\n<ul>\n<li>Neusilber\u00a0ist die Bezeichnung f\u00fcr eine Kupfer-Nickel-Zink-Legierung mit hoher Korrosionsbest\u00e4ndigkeit, Festigkeit und silber\u00e4hnlichem Aussehen.<\/li>\n<li>F\u00fcr Neusilber gibt es auch die Bezeichnungen\u00a0Alpaka,\u00a0Argentan. Bereits im Laufe des\u00a0 17. Jahrhunderts kamen erste Metallwaren aus China\u00a0nach Europa.<\/li>\n<li>Gelblich, goldene F\u00e4rbung<\/li>\n<li>Unmagnetisch<\/li>\n<\/ul>\n<p>[\/et_pb_text][\/et_pb_column][et_pb_column type=&#8220;2_3&#8243; _builder_version=&#8220;4.16&#8243; custom_padding=&#8220;|||&#8220; global_colors_info=&#8220;{}&#8220; custom_padding__hover=&#8220;|||&#8220;][et_pb_image src=&#8220;https:\/\/www.blackforest-pen.de\/wp-content\/uploads\/2020\/06\/Black-Forest-Pen-4-1-1.jpg&#8220; title_text=&#8220;Black Forest Pen 4 (1)&#8220; _builder_version=&#8220;4.16&#8243; global_colors_info=&#8220;{}&#8220;][\/et_pb_image][\/et_pb_column][\/et_pb_row][et_pb_row column_structure=&#8220;1_3,2_3&#8243; make_equal=&#8220;on&#8220; disabled_on=&#8220;off|off|off&#8220; _builder_version=&#8220;4.16&#8243; locked=&#8220;off&#8220; collapsed=&#8220;off&#8220; global_colors_info=&#8220;{}&#8220;][et_pb_column type=&#8220;1_3&#8243; _builder_version=&#8220;4.16&#8243; custom_padding=&#8220;|||&#8220; global_colors_info=&#8220;{}&#8220; custom_padding__hover=&#8220;|||&#8220;][et_pb_text admin_label=&#8220;Title&#8220; _builder_version=&#8220;4.16&#8243; text_font=&#8220;||||||||&#8220; header_font=&#8220;||||||||&#8220; header_2_font=&#8220;||||||||&#8220; header_3_font=&#8220;|||on|||||&#8220; header_3_font_size=&#8220;26px&#8220; header_3_letter_spacing=&#8220;1px&#8220; header_4_font=&#8220;Roboto|700||on|||||&#8220; header_4_letter_spacing=&#8220;1px&#8220; header_4_line_height=&#8220;1.4em&#8220; custom_margin=&#8220;||10px|&#8220; custom_padding=&#8220;|||&#8220; header_3_font_size_tablet=&#8220;&#8220; header_3_font_size_phone=&#8220;22px&#8220; header_3_font_size_last_edited=&#8220;on|phone&#8220; global_colors_info=&#8220;{}&#8220;]<\/p>\n<h3>Bronze<\/h3>\n<p>Selbst an der Luft wird sich relativ rasch eine Passivschicht einstellen. Es entwickelt sich auch mit der Zeit eine individuelle und nat\u00fcrliche Patina durch den Benutzer. Die polierte Bronze dunkelt unterschiedlich nach und erh\u00e4lt so ihren einzigartigen Charakter. Die Bronze bekommt damit ihren typisch weichen und warmen Farbton der das Schreibger\u00e4t mit den Jahren immer mehr zu einem Unikat werden l\u00e4sst.<\/p>\n<p><strong>Eigenschaften:<\/strong><\/p>\n<ul>\n<li>Zinnbronze mit 92% Kupfer und 8% Zinngehalt<\/li>\n<li>Hohe Festigkeits- und gute Federeigenschaften<\/li>\n<li>Die Legierung ist verschlei\u00dffest, hat eine sehr gute Korrosionsbest\u00e4ndigkeit. Bronze ist best\u00e4ndig gegen: Meeresluft, Trink- und Gebrauchswasser, Seewasser.<\/li>\n<li>Bekannt seit ca. 6000 Jahren = Bronzezeit<\/li>\n<li>Unmagnetisch und nickelfrei<\/li>\n<li>R\u00f6tliche, edle F\u00e4rbung<\/li>\n<li>Bronze gilt durch seinen hohen Kupferanteil als eines der besten antibakteriellen Metalle. Keime sterben durch die abgegebenen Kupferionen schneller ab.<\/li>\n<\/ul>\n<p>[\/et_pb_text][\/et_pb_column][et_pb_column type=&#8220;2_3&#8243; _builder_version=&#8220;4.16&#8243; custom_padding=&#8220;|||&#8220; global_colors_info=&#8220;{}&#8220; custom_padding__hover=&#8220;|||&#8220;][et_pb_image src=&#8220;https:\/\/www.blackforest-pen.de\/wp-content\/uploads\/2020\/06\/Black-Forest-Pen-1-1-1.jpg&#8220; title_text=&#8220;Black Forest Pen 1 (1)&#8220; _builder_version=&#8220;4.16&#8243; global_colors_info=&#8220;{}&#8220;][\/et_pb_image][\/et_pb_column][\/et_pb_row][et_pb_row column_structure=&#8220;1_3,2_3&#8243; make_equal=&#8220;on&#8220; disabled_on=&#8220;off|off|off&#8220; _builder_version=&#8220;4.16&#8243; locked=&#8220;off&#8220; collapsed=&#8220;off&#8220; global_colors_info=&#8220;{}&#8220;][et_pb_column type=&#8220;1_3&#8243; _builder_version=&#8220;4.16&#8243; custom_padding=&#8220;|||&#8220; global_colors_info=&#8220;{}&#8220; custom_padding__hover=&#8220;|||&#8220;][et_pb_text admin_label=&#8220;Title&#8220; _builder_version=&#8220;4.16&#8243; text_font=&#8220;||||||||&#8220; header_font=&#8220;||||||||&#8220; header_2_font=&#8220;||||||||&#8220; header_3_font=&#8220;|||on|||||&#8220; header_3_font_size=&#8220;26px&#8220; header_3_letter_spacing=&#8220;1px&#8220; header_4_font=&#8220;Roboto|700||on|||||&#8220; header_4_letter_spacing=&#8220;1px&#8220; header_4_line_height=&#8220;1.4em&#8220; custom_margin=&#8220;||10px|&#8220; custom_padding=&#8220;|||&#8220; header_3_font_size_tablet=&#8220;&#8220; header_3_font_size_phone=&#8220;22px&#8220; header_3_font_size_last_edited=&#8220;on|phone&#8220; global_colors_info=&#8220;{}&#8220;]<\/p>\n<h3>Aluminium<\/h3>\n<p>\u00fcberzieht sich sehr schnell mit einer sehr resistenten und sch\u00fctzenden Oxidschicht (= Passivschicht) und beh\u00e4lt danach lange das helle metallische Aussehen. Von allen verwendeten Metallen sind die Schreibger\u00e4te aus Aluminium richtige Leichtgewichte<\/p>\n<p><strong>Eigenschaften:<\/strong><\/p>\n<ul>\n<li>Geringe Korrosionsanf\u00e4lligkeit<\/li>\n<li>Gute Festigkeitseigenschaften<\/li>\n<li>Unmagnetisch<\/li>\n<li>Nickelfrei<\/li>\n<li>Durch die geringe Dichte ergeben sich sehr leichte Schreibger\u00e4te.<\/li>\n<li><span style=\"font-size: 16px;\">Metallisch graue F\u00e4rbung<\/span><\/li>\n<\/ul>\n<p>[\/et_pb_text][\/et_pb_column][et_pb_column type=&#8220;2_3&#8243; _builder_version=&#8220;4.16&#8243; custom_padding=&#8220;|||&#8220; global_colors_info=&#8220;{}&#8220; custom_padding__hover=&#8220;|||&#8220;][et_pb_image src=&#8220;https:\/\/www.blackforest-pen.de\/wp-content\/uploads\/2020\/06\/Black-Forest-Pen-2-1-1.jpg&#8220; title_text=&#8220;Black Forest Pen 2 (1)&#8220; _builder_version=&#8220;4.16&#8243; global_colors_info=&#8220;{}&#8220;][\/et_pb_image][\/et_pb_column][\/et_pb_row][\/et_pb_section][et_pb_section fb_built=&#8220;1&#8243; admin_label=&#8220;Featured Items&#8220; _builder_version=&#8220;4.16&#8243; background_color=&#8220;#f4f4f4&#8243; custom_margin=&#8220;25px|60px|0px|60px|false|false&#8220; custom_margin_tablet=&#8220;&#8220; custom_margin_phone=&#8220;0px|0px|0px|0px&#8220; custom_margin_last_edited=&#8220;on|desktop&#8220; custom_padding=&#8220;70px||0px|||&#8220; box_shadow_style=&#8220;preset7&#8243; box_shadow_horizontal=&#8220;0px&#8220; box_shadow_vertical=&#8220;-400px&#8220; box_shadow_color=&#8220;#ffffff&#8220; locked=&#8220;off&#8220; collapsed=&#8220;off&#8220; global_colors_info=&#8220;{}&#8220;][et_pb_row column_structure=&#8220;1_2,1_2&#8243; use_custom_gutter=&#8220;on&#8220; gutter_width=&#8220;2&#8243; make_equal=&#8220;on&#8220; _builder_version=&#8220;4.16&#8243; custom_padding=&#8220;27px|0px|0px|0px&#8220; global_colors_info=&#8220;{}&#8220;][et_pb_column type=&#8220;1_2&#8243; _builder_version=&#8220;4.16&#8243; custom_padding=&#8220;12%|||&#8220; global_colors_info=&#8220;{}&#8220; custom_padding__hover=&#8220;|||&#8220;][et_pb_text _builder_version=&#8220;4.27.0&#8243; text_font=&#8220;||||||||&#8220; header_font=&#8220;||||||||&#8220; header_2_font=&#8220;|700||on|||||&#8220; header_2_text_align=&#8220;left&#8220; header_2_font_size=&#8220;30px&#8220; header_2_letter_spacing=&#8220;4px&#8220; module_alignment=&#8220;center&#8220; custom_margin=&#8220;||10px|&#8220; custom_padding=&#8220;|||&#8220; global_colors_info=&#8220;{}&#8220;]<\/p>\n<h2>Eloxieren und anodisieren<\/h2>\n<p>[\/et_pb_text][et_pb_divider divider_weight=&#8220;2px&#8220; disabled_on=&#8220;off|off|off&#8220; _builder_version=&#8220;4.16&#8243; max_width=&#8220;100px&#8220; locked=&#8220;off&#8220; global_colors_info=&#8220;{}&#8220;][\/et_pb_divider][et_pb_text _builder_version=&#8220;4.27.2&#8243; text_font=&#8220;||||||||&#8220; text_line_height=&#8220;1.8em&#8220; max_width_tablet=&#8220;&#8220; max_width_phone=&#8220;&#8220; max_width_last_edited=&#8220;on|desktop&#8220; custom_margin=&#8220;||32px|||&#8220; global_colors_info=&#8220;{}&#8220;]<\/p>\n<p>Eloxieren ist ein elektrochemischer Prozess, der eine sch\u00fctzende Oxidschicht auf Aluminium erzeugt. Diese verbessert die Korrosionsbest\u00e4ndigkeit, H\u00e4rte und Verschlei\u00dffestigkeit des Materials. Die por\u00f6se Schicht kann zudem gef\u00e4rbt werden, um \u00e4sthetische Effekte zu erzielen.<\/p>\n<p>Anodisieren ist eine Oberfl\u00e4chenbehandlung f\u00fcr Titan. Es bildet eine sch\u00fctzende Oxidschicht, die das Material widerstandsf\u00e4higer gegen Korrosion und Abnutzung macht, w\u00e4hrend gleichzeitig dekorative Farben m\u00f6glich sind.<\/p>\n<p>[\/et_pb_text][et_pb_image src=&#8220;https:\/\/www.blackforest-pen.de\/wp-content\/uploads\/2024\/11\/Black-Forest-Pen-59.jpg&#8220; title_text=&#8220;Black Forest Pen-59&#8243; force_fullwidth=&#8220;on&#8220; align_tablet=&#8220;center&#8220; align_phone=&#8220;&#8220; align_last_edited=&#8220;on|desktop&#8220; _builder_version=&#8220;4.27.2&#8243; custom_margin=&#8220;|||&#8220; animation_direction=&#8220;bottom&#8220; box_shadow_style=&#8220;preset2&#8243; global_colors_info=&#8220;{}&#8220;][\/et_pb_image][\/et_pb_column][et_pb_column type=&#8220;1_2&#8243; _builder_version=&#8220;4.16&#8243; custom_padding=&#8220;|||&#8220; global_colors_info=&#8220;{}&#8220; custom_padding__hover=&#8220;|||&#8220;][et_pb_image src=&#8220;https:\/\/www.blackforest-pen.de\/wp-content\/uploads\/2024\/11\/Black-Forest-Pen-54.jpg&#8220; title_text=&#8220;Black Forest Pen-54&#8243; force_fullwidth=&#8220;on&#8220; align_tablet=&#8220;center&#8220; align_phone=&#8220;&#8220; align_last_edited=&#8220;on|desktop&#8220; _builder_version=&#8220;4.27.2&#8243; custom_margin=&#8220;||6%|&#8220; animation_direction=&#8220;bottom&#8220; box_shadow_style=&#8220;preset2&#8243; global_colors_info=&#8220;{}&#8220;][\/et_pb_image][et_pb_image src=&#8220;https:\/\/www.blackforest-pen.de\/wp-content\/uploads\/2024\/11\/Black-Forest-Pen-58.jpg&#8220; title_text=&#8220;Black Forest Pen-58&#8243; force_fullwidth=&#8220;on&#8220; align_tablet=&#8220;center&#8220; align_phone=&#8220;&#8220; align_last_edited=&#8220;on|desktop&#8220; _builder_version=&#8220;4.27.2&#8243; custom_margin=&#8220;|||&#8220; animation_direction=&#8220;bottom&#8220; box_shadow_style=&#8220;preset2&#8243; global_colors_info=&#8220;{}&#8220;][\/et_pb_image][\/et_pb_column][\/et_pb_row][\/et_pb_section][et_pb_section fb_built=&#8220;1&#8243; module_id=&#8220;Materialien&#8220; _builder_version=&#8220;4.16&#8243; global_colors_info=&#8220;{}&#8220;][et_pb_row column_structure=&#8220;1_3,2_3&#8243; make_equal=&#8220;on&#8220; disabled_on=&#8220;off|off|off&#8220; _builder_version=&#8220;4.27.0&#8243; locked=&#8220;off&#8220; collapsed=&#8220;off&#8220; global_colors_info=&#8220;{}&#8220;][et_pb_column type=&#8220;1_3&#8243; _builder_version=&#8220;4.16&#8243; custom_padding=&#8220;|||&#8220; global_colors_info=&#8220;{}&#8220; custom_padding__hover=&#8220;|||&#8220;][et_pb_text admin_label=&#8220;Title&#8220; _builder_version=&#8220;4.27.0&#8243; text_font=&#8220;||||||||&#8220; header_font=&#8220;||||||||&#8220; header_2_font=&#8220;||||||||&#8220; header_3_font=&#8220;|||on|||||&#8220; header_3_font_size=&#8220;26px&#8220; header_3_letter_spacing=&#8220;1px&#8220; header_4_font=&#8220;Roboto|700||on|||||&#8220; header_4_letter_spacing=&#8220;1px&#8220; header_4_line_height=&#8220;1.4em&#8220; custom_margin=&#8220;||10px|&#8220; custom_padding=&#8220;|||&#8220; header_3_font_size_tablet=&#8220;&#8220; header_3_font_size_phone=&#8220;22px&#8220; header_3_font_size_last_edited=&#8220;on|phone&#8220; global_colors_info=&#8220;{}&#8220;]<\/p>\n<h3>Silber<\/h3>\n<p>Silber ist ein edles Metall, das durch seine hervorragende Verarbeitbarkeit und seinen hohen Glanz besticht. Es hat eine lange Tradition in der Herstellung von hochwertigen Schreibger\u00e4ten und verleiht jedem Stift eine elegante Note. Silber entwickelt mit der Zeit eine charakteristische Patina, die den individuellen Charme des Materials unterstreicht.<\/p>\n<p><strong>Eigenschaften:<\/strong><\/p>\n<ul>\n<li>Hohe Korrosionsbest\u00e4ndigkeit<\/li>\n<li>Antimikrobielle Eigenschaften<\/li>\n<li>Robuste und langlebige Oberfl\u00e4che<\/li>\n<li>Edles, gl\u00e4nzendes Erscheinungsbild, das mit der Zeit eine sch\u00f6ne Patina entwickelt<\/li>\n<\/ul>\n<p>[\/et_pb_text][\/et_pb_column][et_pb_column type=&#8220;2_3&#8243; _builder_version=&#8220;4.16&#8243; custom_padding=&#8220;|||&#8220; global_colors_info=&#8220;{}&#8220; custom_padding__hover=&#8220;|||&#8220;][et_pb_image src=&#8220;https:\/\/www.blackforest-pen.de\/wp-content\/uploads\/2024\/09\/BlackForestPen-16.jpg&#8220; title_text=&#8220;BlackForestPen-16&#8243; _builder_version=&#8220;4.27.0&#8243; global_colors_info=&#8220;{}&#8220;][\/et_pb_image][\/et_pb_column][\/et_pb_row][et_pb_row column_structure=&#8220;1_3,2_3&#8243; make_equal=&#8220;on&#8220; disabled_on=&#8220;off|off|off&#8220; _builder_version=&#8220;4.27.0&#8243; locked=&#8220;off&#8220; collapsed=&#8220;off&#8220; global_colors_info=&#8220;{}&#8220;][et_pb_column type=&#8220;1_3&#8243; _builder_version=&#8220;4.16&#8243; custom_padding=&#8220;|||&#8220; global_colors_info=&#8220;{}&#8220; custom_padding__hover=&#8220;|||&#8220;][et_pb_text admin_label=&#8220;Title&#8220; _builder_version=&#8220;4.27.0&#8243; text_font=&#8220;||||||||&#8220; header_font=&#8220;||||||||&#8220; header_2_font=&#8220;||||||||&#8220; header_3_font=&#8220;|||on|||||&#8220; header_3_font_size=&#8220;26px&#8220; header_3_letter_spacing=&#8220;1px&#8220; header_4_font=&#8220;Roboto|700||on|||||&#8220; header_4_letter_spacing=&#8220;1px&#8220; header_4_line_height=&#8220;1.4em&#8220; custom_margin=&#8220;||10px|&#8220; custom_padding=&#8220;|||&#8220; header_3_font_size_tablet=&#8220;&#8220; header_3_font_size_phone=&#8220;22px&#8220; header_3_font_size_last_edited=&#8220;on|phone&#8220; global_colors_info=&#8220;{}&#8220;]<\/p>\n<h3>Messing<\/h3>\n<p>Messing ist eine Legierung aus Kupfer und Zink, die f\u00fcr ihre hohe Festigkeit und hervorragende Verarbeitbarkeit bekannt ist. Es bietet nicht nur eine sch\u00f6ne, gold\u00e4hnliche Farbe, sondern auch eine gute Widerstandsf\u00e4higkeit gegen Korrosion. Schreibger\u00e4te aus Messing sind robust und ideal f\u00fcr den t\u00e4glichen Gebrauch.<\/p>\n<p><strong>Eigenschaften:<\/strong><\/p>\n<ul>\n<li>Hohe Festigkeit und Formbarkeit<\/li>\n<li>Gute Korrosionsbest\u00e4ndigkeit<\/li>\n<li>Angenehme Haptik und warme Farbgebung<\/li>\n<li>Kann poliert oder patiniert werden, um unterschiedliche Looks zu erzielen<\/li>\n<li>Unmagnetisch und nickelfrei<\/li>\n<\/ul>\n<p>[\/et_pb_text][\/et_pb_column][et_pb_column type=&#8220;2_3&#8243; _builder_version=&#8220;4.16&#8243; custom_padding=&#8220;|||&#8220; global_colors_info=&#8220;{}&#8220; custom_padding__hover=&#8220;|||&#8220;][et_pb_image src=&#8220;https:\/\/www.blackforest-pen.de\/wp-content\/uploads\/2024\/09\/BlackForestPen-19.jpg&#8220; title_text=&#8220;BlackForestPen-19&#8243; _builder_version=&#8220;4.27.0&#8243; global_colors_info=&#8220;{}&#8220;][\/et_pb_image][\/et_pb_column][\/et_pb_row][et_pb_row column_structure=&#8220;1_3,2_3&#8243; make_equal=&#8220;on&#8220; disabled_on=&#8220;off|off|off&#8220; _builder_version=&#8220;4.27.0&#8243; locked=&#8220;off&#8220; collapsed=&#8220;off&#8220; global_colors_info=&#8220;{}&#8220;][et_pb_column type=&#8220;1_3&#8243; _builder_version=&#8220;4.16&#8243; custom_padding=&#8220;|||&#8220; global_colors_info=&#8220;{}&#8220; custom_padding__hover=&#8220;|||&#8220;][et_pb_text admin_label=&#8220;Title&#8220; _builder_version=&#8220;4.27.0&#8243; text_font=&#8220;||||||||&#8220; header_font=&#8220;||||||||&#8220; header_2_font=&#8220;||||||||&#8220; header_3_font=&#8220;|||on|||||&#8220; header_3_font_size=&#8220;26px&#8220; header_3_letter_spacing=&#8220;1px&#8220; header_4_font=&#8220;Roboto|700||on|||||&#8220; header_4_letter_spacing=&#8220;1px&#8220; header_4_line_height=&#8220;1.4em&#8220; custom_margin=&#8220;||10px|&#8220; custom_padding=&#8220;|||&#8220; header_3_font_size_tablet=&#8220;&#8220; header_3_font_size_phone=&#8220;22px&#8220; header_3_font_size_last_edited=&#8220;on|phone&#8220; global_colors_info=&#8220;{}&#8220;]<\/p>\n<h3>Titan<\/h3>\n<p>Titan ist ein \u00e4u\u00dferst starkes und leichtes Metall, das f\u00fcr seine au\u00dfergew\u00f6hnliche Festigkeit und Korrosionsbest\u00e4ndigkeit bekannt ist. Dieses Material wird h\u00e4ufig in der Luft- und Raumfahrt sowie in der Medizin eingesetzt und eignet sich perfekt f\u00fcr Schreibger\u00e4te, die Langlebigkeit und Stil vereinen. Titan hat eine matte, elegante Oberfl\u00e4che und bietet ein modernes, industrielles Aussehen.<\/p>\n<p><strong>Eigenschaften:<\/strong><\/p>\n<ul>\n<li>Extrem hohe Festigkeit bei geringem Gewicht<\/li>\n<li>Hohe Korrosionsbest\u00e4ndigkeit und langlebig<\/li>\n<li>Hypoallergen und nickelfrei<\/li>\n<li>Matte, elegante Oberfl\u00e4chenbeschaffenheit<\/li>\n<li>Sehr hohe Temperaturbest\u00e4ndigkeit<\/li>\n<\/ul>\n<p>[\/et_pb_text][\/et_pb_column][et_pb_column type=&#8220;2_3&#8243; _builder_version=&#8220;4.16&#8243; custom_padding=&#8220;|||&#8220; global_colors_info=&#8220;{}&#8220; custom_padding__hover=&#8220;|||&#8220;][et_pb_image src=&#8220;https:\/\/www.blackforest-pen.de\/wp-content\/uploads\/2024\/09\/BlackForestPen-30.jpg&#8220; title_text=&#8220;BlackForestPen-30&#8243; _builder_version=&#8220;4.27.0&#8243; global_colors_info=&#8220;{}&#8220;][\/et_pb_image][\/et_pb_column][\/et_pb_row][\/et_pb_section]<\/p>\n","protected":false},"excerpt":{"rendered":"<p>Verwendete Metalle Allgemein:\u00a0Alle Metalle oxidieren an der Luft. Bei den von uns verwendeten Metallen bilden sich unterschiedliche Passivschichten, diese sch\u00fctzen die darunter liegenden Metallschichten vor weiteren Umwelteinfl\u00fcssen. H\u00e4ufiges Benutzen der Schreibger\u00e4te f\u00f6rdert die Bildung einer Passivschicht. Dabei spielt der individuelle Handschwei\u00df eine nicht zu untersch\u00e4tzende Rolle. Nachdem sich die Passivschicht gebildet hat, bleibt in der [&hellip;]<\/p>\n","protected":false},"author":2,"featured_media":434,"parent":0,"menu_order":0,"comment_status":"closed","ping_status":"closed","template":"","meta":{"_et_pb_use_builder":"on","_et_pb_old_content":"","_et_gb_content_width":"","inline_featured_image":false,"footnotes":""},"class_list":["post-239526","page","type-page","status-publish","has-post-thumbnail","hentry"],"_links":{"self":[{"href":"https:\/\/www.blackforest-pen.de\/en\/wp-json\/wp\/v2\/pages\/239526","targetHints":{"allow":["GET"]}}],"collection":[{"href":"https:\/\/www.blackforest-pen.de\/en\/wp-json\/wp\/v2\/pages"}],"about":[{"href":"https:\/\/www.blackforest-pen.de\/en\/wp-json\/wp\/v2\/types\/page"}],"author":[{"embeddable":true,"href":"https:\/\/www.blackforest-pen.de\/en\/wp-json\/wp\/v2\/users\/2"}],"replies":[{"embeddable":true,"href":"https:\/\/www.blackforest-pen.de\/en\/wp-json\/wp\/v2\/comments?post=239526"}],"version-history":[{"count":5,"href":"https:\/\/www.blackforest-pen.de\/en\/wp-json\/wp\/v2\/pages\/239526\/revisions"}],"predecessor-version":[{"id":241279,"href":"https:\/\/www.blackforest-pen.de\/en\/wp-json\/wp\/v2\/pages\/239526\/revisions\/241279"}],"wp:featuredmedia":[{"embeddable":true,"href":"https:\/\/www.blackforest-pen.de\/en\/wp-json\/wp\/v2\/media\/434"}],"wp:attachment":[{"href":"https:\/\/www.blackforest-pen.de\/en\/wp-json\/wp\/v2\/media?parent=239526"}],"curies":[{"name":"wp","href":"https:\/\/api.w.org\/{rel}","templated":true}]}}