{"id":240938,"date":"2024-12-09T16:28:17","date_gmt":"2024-12-09T15:28:17","guid":{"rendered":"https:\/\/www.blackforest-pen.de\/?post_type=product&#038;p=240938"},"modified":"2025-06-20T17:20:56","modified_gmt":"2025-06-20T15:20:56","slug":"premiumline-classic","status":"publish","type":"product","link":"https:\/\/www.blackforest-pen.de\/en\/product\/premiumline-classic\/","title":{"rendered":"BallPoint Classic"},"content":{"rendered":"<p>The PremiumLine Classic ballpoint pen impresses with its minimalist, closed design, which focuses on the elegance of the polished metal. The flawless surface offers a particularly pleasant feel and a timeless look. The mechanism ensures a smooth, precise writing experience and underlines the high quality of workmanship.<\/p>\n<p>A perfect accessory for anyone who appreciates classic simplicity and outstanding functionality in one writing instrument.<\/p>","protected":false},"excerpt":{"rendered":"<p>Der PremiumLine Classic Kugelschreiber \u00fcberzeugt durch sein minimalistisches, geschlossenes Design, das den Fokus auf die Eleganz des polierten Metalls legt. Die makellose Oberfl\u00e4che bietet eine besonders angenehme Haptik und eine zeitlose Optik. Die Mechanik gew\u00e4hrleistet ein reibungsloses, pr\u00e4zises Schreiberlebnis und unterstreicht die hohe Verarbeitungsqualit\u00e4t. Ein perfektes Accessoire f\u00fcr alle, die klassische Schlichtheit und herausragende Funktionalit\u00e4t [&hellip;]<\/p>","protected":false},"featured_media":240821,"template":"","meta":{"_et_pb_use_builder":"","_et_pb_old_content":"","_et_gb_content_width":"","inline_featured_image":false},"product_brand":[],"product_cat":[38],"product_tag":[],"class_list":{"0":"post-240938","1":"product","2":"type-product","3":"status-publish","4":"has-post-thumbnail","6":"product_cat-premiumline","7":"pa_mechanik-bajonettmechanik","8":"pa_mechanik-radmechanik","9":"pa_minenfarbe-blau","10":"pa_minenfarbe-schwarz","11":"pa_verpackung-holzbox-natur","12":"pa_verpackung-pappschachtel","14":"first","15":"instock","16":"taxable","17":"shipping-taxable","18":"purchasable","19":"product-type-variable"},"_links":{"self":[{"href":"https:\/\/www.blackforest-pen.de\/en\/wp-json\/wp\/v2\/product\/240938","targetHints":{"allow":["GET"]}}],"collection":[{"href":"https:\/\/www.blackforest-pen.de\/en\/wp-json\/wp\/v2\/product"}],"about":[{"href":"https:\/\/www.blackforest-pen.de\/en\/wp-json\/wp\/v2\/types\/product"}],"wp:featuredmedia":[{"embeddable":true,"href":"https:\/\/www.blackforest-pen.de\/en\/wp-json\/wp\/v2\/media\/240821"}],"wp:attachment":[{"href":"https:\/\/www.blackforest-pen.de\/en\/wp-json\/wp\/v2\/media?parent=240938"}],"wp:term":[{"taxonomy":"product_brand","embeddable":true,"href":"https:\/\/www.blackforest-pen.de\/en\/wp-json\/wp\/v2\/product_brand?post=240938"},{"taxonomy":"product_cat","embeddable":true,"href":"https:\/\/www.blackforest-pen.de\/en\/wp-json\/wp\/v2\/product_cat?post=240938"},{"taxonomy":"product_tag","embeddable":true,"href":"https:\/\/www.blackforest-pen.de\/en\/wp-json\/wp\/v2\/product_tag?post=240938"}],"curies":[{"name":"wp","href":"https:\/\/api.w.org\/{rel}","templated":true}]}}